{"id":11,"date":"2008-11-03T16:55:02","date_gmt":"2008-11-03T14:55:02","guid":{"rendered":"http:\/\/www.viva-la-pampa.de\/wp\/?page_id=11"},"modified":"2024-01-31T22:24:48","modified_gmt":"2024-01-31T20:24:48","slug":"proberaum","status":"publish","type":"page","link":"http:\/\/www.pampaverein.de\/?page_id=11","title":{"rendered":"Proberaum"},"content":{"rendered":"<p style=\"text-align: justify;\">Wir vermieten einen Proberaum. Hierf\u00fcr m\u00fcsst ihr kein Mitglied sein! Unser Inventar, das zum Proben genutzt werden kann, beinhaltet:<\/p>\n<ul style=\"text-align: justify;\">\n<li>Schlagzeug (inkl. HiHat, Becken, Fu\u00dfmaschine)<\/li>\n<li>Mikros, Mischpult &amp; PA f\u00fcr Gesang<\/li>\n<li>1 Bassverst\u00e4rker<\/li>\n<li>2 Gitarrenverst\u00e4rker<\/li>\n<\/ul>\n<p style=\"text-align: justify;\">Eine Probe kostet 10 \u20ac pro Nachmittag\/ Abend<\/p>\n<p style=\"text-align: justify;\">Fragen und Anmeldungen an <a title=\"Eine Mail schicken\" href=\"mailto: vorstand@pampaverein.de\">vorstand@pampaverein.de<\/a><\/p>\n<p style=\"text-align: justify;\">\n","protected":false},"excerpt":{"rendered":"<p>Wir vermieten einen Proberaum. Hierf\u00fcr m\u00fcsst ihr kein Mitglied sein! Unser Inventar, das zum Proben genutzt werden kann, beinhaltet: Schlagzeug (inkl. HiHat, Becken, Fu\u00dfmaschine) Mikros, Mischpult &amp; PA f\u00fcr Gesang 1 Bassverst\u00e4rker 2 Gitarrenverst\u00e4rker Eine Probe kostet 10 \u20ac pro Nachmittag\/ Abend Fragen und Anmeldungen an vorstand@pampaverein.de<\/p>\n","protected":false},"author":1,"featured_media":0,"parent":0,"menu_order":100,"comment_status":"closed","ping_status":"closed","template":"","meta":{"footnotes":""},"class_list":["post-11","page","type-page","status-publish","hentry"],"_links":{"self":[{"href":"http:\/\/www.pampaverein.de\/index.php?rest_route=\/wp\/v2\/pages\/11","targetHints":{"allow":["GET"]}}],"collection":[{"href":"http:\/\/www.pampaverein.de\/index.php?rest_route=\/wp\/v2\/pages"}],"about":[{"href":"http:\/\/www.pampaverein.de\/index.php?rest_route=\/wp\/v2\/types\/page"}],"author":[{"embeddable":true,"href":"http:\/\/www.pampaverein.de\/index.php?rest_route=\/wp\/v2\/users\/1"}],"replies":[{"embeddable":true,"href":"http:\/\/www.pampaverein.de\/index.php?rest_route=%2Fwp%2Fv2%2Fcomments&post=11"}],"version-history":[{"count":25,"href":"http:\/\/www.pampaverein.de\/index.php?rest_route=\/wp\/v2\/pages\/11\/revisions"}],"predecessor-version":[{"id":1561,"href":"http:\/\/www.pampaverein.de\/index.php?rest_route=\/wp\/v2\/pages\/11\/revisions\/1561"}],"wp:attachment":[{"href":"http:\/\/www.pampaverein.de\/index.php?rest_route=%2Fwp%2Fv2%2Fmedia&parent=11"}],"curies":[{"name":"wp","href":"https:\/\/api.w.org\/{rel}","templated":true}]}}