{"id":1273,"date":"2016-01-01T19:00:41","date_gmt":"2016-01-01T17:00:41","guid":{"rendered":"http:\/\/www.pampaverein.de\/?page_id=1273"},"modified":"2024-01-31T21:41:55","modified_gmt":"2024-01-31T19:41:55","slug":"pampa-allstars","status":"publish","type":"page","link":"http:\/\/www.pampaverein.de\/?page_id=1273","title":{"rendered":"Pampa Allstars"},"content":{"rendered":"<p><img loading=\"lazy\" decoding=\"async\" class=\"aligncenter size-full wp-image-1440\" src=\"http:\/\/www.pampaverein.de\/wp-content\/uploads\/2018\/03\/Allstars-Alt.png\" alt=\"\" width=\"793\" height=\"332\" srcset=\"http:\/\/www.pampaverein.de\/wp-content\/uploads\/2018\/03\/Allstars-Alt.png 793w, http:\/\/www.pampaverein.de\/wp-content\/uploads\/2018\/03\/Allstars-Alt-300x126.png 300w, http:\/\/www.pampaverein.de\/wp-content\/uploads\/2018\/03\/Allstars-Alt-768x322.png 768w\" sizes=\"auto, (max-width: 793px) 85vw, 793px\" \/><\/p>\n<p style=\"text-align: justify;\">Die Pampa Allstars waren eine Coverband mit bis zu 13 Musikern. Gestartet 2013 als Jugendprojekt, haben wir dann einfach weiter gemacht. Wir k\u00f6nnen auf \u00fcber 50 Konzerte zur\u00fcck blicken, dabei waren Auftritte auf Geburtstagen, Dorffesten, Rockerparties, Bandcontests, Hochzeiten und Polterabenden.<\/p>\n<p>Besondere Highlights waren der Auftritt auf dem Seefest in G\u00fctzkow vor ca. 500 Zuschauern, sowie unser Abschiedskonzert auf dem Hasenberg am 16.12.2024.<\/p>\n<p>Danke an alle die uns unterst\u00fctzt haben. Der eine oder die Andere wird sicher bald mit einem neuen musikalischen Projekt zu h\u00f6ren sein.<\/p>\n","protected":false},"excerpt":{"rendered":"<p>Die Pampa Allstars waren eine Coverband mit bis zu 13 Musikern. Gestartet 2013 als Jugendprojekt, haben wir dann einfach weiter gemacht. Wir k\u00f6nnen auf \u00fcber 50 Konzerte zur\u00fcck blicken, dabei waren Auftritte auf Geburtstagen, Dorffesten, Rockerparties, Bandcontests, Hochzeiten und Polterabenden. Besondere Highlights waren der Auftritt auf dem Seefest in G\u00fctzkow vor ca. 500 Zuschauern, sowie &hellip; <a href=\"http:\/\/www.pampaverein.de\/?page_id=1273\" class=\"more-link\"><span class=\"screen-reader-text\">\u201ePampa Allstars\u201c<\/span> weiterlesen<\/a><\/p>\n","protected":false},"author":1,"featured_media":0,"parent":0,"menu_order":3,"comment_status":"closed","ping_status":"closed","template":"","meta":{"footnotes":""},"class_list":["post-1273","page","type-page","status-publish","hentry"],"_links":{"self":[{"href":"http:\/\/www.pampaverein.de\/index.php?rest_route=\/wp\/v2\/pages\/1273","targetHints":{"allow":["GET"]}}],"collection":[{"href":"http:\/\/www.pampaverein.de\/index.php?rest_route=\/wp\/v2\/pages"}],"about":[{"href":"http:\/\/www.pampaverein.de\/index.php?rest_route=\/wp\/v2\/types\/page"}],"author":[{"embeddable":true,"href":"http:\/\/www.pampaverein.de\/index.php?rest_route=\/wp\/v2\/users\/1"}],"replies":[{"embeddable":true,"href":"http:\/\/www.pampaverein.de\/index.php?rest_route=%2Fwp%2Fv2%2Fcomments&post=1273"}],"version-history":[{"count":13,"href":"http:\/\/www.pampaverein.de\/index.php?rest_route=\/wp\/v2\/pages\/1273\/revisions"}],"predecessor-version":[{"id":1559,"href":"http:\/\/www.pampaverein.de\/index.php?rest_route=\/wp\/v2\/pages\/1273\/revisions\/1559"}],"wp:attachment":[{"href":"http:\/\/www.pampaverein.de\/index.php?rest_route=%2Fwp%2Fv2%2Fmedia&parent=1273"}],"curies":[{"name":"wp","href":"https:\/\/api.w.org\/{rel}","templated":true}]}}