{"id":3,"date":"2008-07-09T18:15:27","date_gmt":"2008-07-09T16:15:27","guid":{"rendered":"http:\/\/www.viva-la-pampa.de\/wp\/?page_id=3"},"modified":"2024-01-31T22:32:45","modified_gmt":"2024-01-31T20:32:45","slug":"pampa-ev","status":"publish","type":"page","link":"https:\/\/www.pampaverein.de\/?page_id=3","title":{"rendered":"Wir der Pampa e. V."},"content":{"rendered":"<p><strong>Was wir machen<\/strong><\/p>\n<p>Der Pampa e. V. ist ein gemeinn\u00fctziger Verein, mit ca. 20 Mitgliedern. Es gibt ihn seit 2008. Im Mittelpunkt unserer Arbeit steht die Musik.<\/p>\n<p>Praktisch hei\u00dft das:<\/p>\n<ul>\n<li>Wir haben einen <strong>Proberaum<\/strong> eingerichtet, der jedem zur Verf\u00fcgung steht.<\/li>\n<li>Wir bieten Interessierten die M\u00f6glichkeit, <strong>Unterricht<\/strong> an den Instrumenten Gitarre, Bass und Schlagzeug zu nehmen.<\/li>\n<li>Wir veranstalten j\u00e4hrlich das &#8222;Viva la Pampa&#8220;, das &#8222;Nocturnal Journey&#8220; und andere <strong>Konzerte<\/strong>.<\/li>\n<\/ul>\n<p><strong>Den Pampa e. V. unterst\u00fctzen<\/strong><\/p>\n<p>Wenn du uns mit deinem Engagement helfen und dich aktiv an der Vereinsarbeit beteiligen m\u00f6chtest, kannst du bei uns Mitglied werden. Eine finanzielle Unterst\u00fctzung ist in Form einer Spende m\u00f6glich. Da wir durch eine Bescheinigung vom Finanzamt als gemeinn\u00fctzig anerkannt sind, k\u00f6nnen Spenden und Mitgliedsbeitr\u00e4ge gem\u00e4\u00df \u00a7 10b des Einkommensteuergesetzes von der Steuer abgesetzt werden.<\/p>\n<p>Kontoinhaber: \u00a0\u00a0 Pampa e. V.<br \/>\nIBAN:\u00a0\u00a0\u00a0\u00a0\u00a0\u00a0\u00a0\u00a0\u00a0\u00a0\u00a0\u00a0\u00a0\u00a0\u00a0\u00a0\u00a0\u00a0 \u00a0\u00a0 DE76 1505 0500 0100 1280 25<br \/>\nBank:\u00a0\u00a0\u00a0\u00a0\u00a0\u00a0\u00a0\u00a0\u00a0\u00a0\u00a0\u00a0\u00a0\u00a0\u00a0\u00a0\u00a0\u00a0\u00a0 \u00a0 Sparkasse Vorpommern<\/p>\n<p>Fragen an: vorstand@pampaverein.de<\/p>\n","protected":false},"excerpt":{"rendered":"<p>Was wir machen Der Pampa e. V. ist ein gemeinn\u00fctziger Verein, mit ca. 20 Mitgliedern. Es gibt ihn seit 2008. Im Mittelpunkt unserer Arbeit steht die Musik. Praktisch hei\u00dft das: Wir haben einen Proberaum eingerichtet, der jedem zur Verf\u00fcgung steht. Wir bieten Interessierten die M\u00f6glichkeit, Unterricht an den Instrumenten Gitarre, Bass und Schlagzeug zu nehmen. &hellip; <a href=\"https:\/\/www.pampaverein.de\/?page_id=3\" class=\"more-link\"><span class=\"screen-reader-text\">\u201eWir der Pampa e. V.\u201c<\/span> weiterlesen<\/a><\/p>\n","protected":false},"author":1,"featured_media":0,"parent":0,"menu_order":100,"comment_status":"closed","ping_status":"closed","template":"","meta":{"footnotes":""},"class_list":["post-3","page","type-page","status-publish","hentry"],"_links":{"self":[{"href":"https:\/\/www.pampaverein.de\/index.php?rest_route=\/wp\/v2\/pages\/3","targetHints":{"allow":["GET"]}}],"collection":[{"href":"https:\/\/www.pampaverein.de\/index.php?rest_route=\/wp\/v2\/pages"}],"about":[{"href":"https:\/\/www.pampaverein.de\/index.php?rest_route=\/wp\/v2\/types\/page"}],"author":[{"embeddable":true,"href":"https:\/\/www.pampaverein.de\/index.php?rest_route=\/wp\/v2\/users\/1"}],"replies":[{"embeddable":true,"href":"https:\/\/www.pampaverein.de\/index.php?rest_route=%2Fwp%2Fv2%2Fcomments&post=3"}],"version-history":[{"count":27,"href":"https:\/\/www.pampaverein.de\/index.php?rest_route=\/wp\/v2\/pages\/3\/revisions"}],"predecessor-version":[{"id":1563,"href":"https:\/\/www.pampaverein.de\/index.php?rest_route=\/wp\/v2\/pages\/3\/revisions\/1563"}],"wp:attachment":[{"href":"https:\/\/www.pampaverein.de\/index.php?rest_route=%2Fwp%2Fv2%2Fmedia&parent=3"}],"curies":[{"name":"wp","href":"https:\/\/api.w.org\/{rel}","templated":true}]}}